{"id":13258,"date":"2021-01-18T16:28:06","date_gmt":"2021-01-18T15:28:06","guid":{"rendered":"http:\/\/www.troppotogo.it\/blog\/?page_id=13258"},"modified":"2022-01-20T16:51:41","modified_gmt":"2022-01-20T15:51:41","slug":"chiedi-a-dr-p","status":"publish","type":"page","link":"https:\/\/www.troppotogo.it\/blog\/chiedi-a-dr-p\/","title":{"rendered":"Chiedi a Dottor P."},"content":{"rendered":"<div class=\"bpp_post_wrapper\" data-bpp-pinlink=\"https:\/\/www.troppotogo.it\/blog\/chiedi-a-dr-p\/\" data-bpp-pincorner=\"northeast\" data-bpp-pinhover=\"false\" data-bpp-lang=\"en\" data-bpp-count=\"above\" data-bpp-zero-count=\"true\" data-bpp-size=\"20\" data-bpp-color=\"red\">\n<h2 class=\"has-text-align-center wp-block-heading\"><strong>Hai un paio di domande imbarazzanti sull\u2019amore o hai\nbisogno di un consiglio per un problema?<\/strong><\/h2>\n\n\n\n<p class=\"has-text-align-center\">Allora sei nel posto giusto! <strong>San Valentino<\/strong> si avvicina e noi di Troppotogo abbiamo trovato un vero e proprio esperto in materia di amore e relazioni per rispondere a tutte le vostre domande (in modo completamente <strong>anonimo<\/strong>, ovviamente!) \ud83e\udd70<\/p>\n\n\n\n<p class=\"has-text-align-center\">ATTENZIONE: le risposte sono da prendere con ironia e non sul serio!<\/p>\n\n\n\n<hr class=\"wp-block-separator\"\/>\n\n\n\n<h3 class=\"has-text-align-center wp-block-heading\"><strong>Siamo lieti di presentare:<\/strong><\/h3>\n\n\n\n<div class=\"wp-block-image\"><figure class=\"aligncenter is-resized\"><a href=\"https:\/\/www.troppotogo.it\/cuscino-pene-100-cm\" target=\"_blank\" rel=\"noreferrer noopener\"><img loading=\"lazy\" decoding=\"async\" src=\"http:\/\/www.troppotogo.it\/blog\/wp-content\/uploads\/2021\/01\/drp-1-1024x1024.jpg\" alt=\"\" class=\"wp-image-13202\" width=\"466\" height=\"466\" srcset=\"https:\/\/www.troppotogo.it\/blog\/wp-content\/uploads\/2021\/01\/drp-1-1024x1024.jpg 1024w, https:\/\/www.troppotogo.it\/blog\/wp-content\/uploads\/2021\/01\/drp-1-150x150.jpg 150w, https:\/\/www.troppotogo.it\/blog\/wp-content\/uploads\/2021\/01\/drp-1-300x300.jpg 300w, https:\/\/www.troppotogo.it\/blog\/wp-content\/uploads\/2021\/01\/drp-1-768x768.jpg 768w, https:\/\/www.troppotogo.it\/blog\/wp-content\/uploads\/2021\/01\/drp-1-1140x1140.jpg 1140w, https:\/\/www.troppotogo.it\/blog\/wp-content\/uploads\/2021\/01\/drp-1-720x720.jpg 720w, https:\/\/www.troppotogo.it\/blog\/wp-content\/uploads\/2021\/01\/drp-1-480x480.jpg 480w, https:\/\/www.troppotogo.it\/blog\/wp-content\/uploads\/2021\/01\/drp-1-160x160.jpg 160w\" sizes=\"auto, (max-width: 466px) 100vw, 466px\" \/><\/a><\/figure><\/div>\n\n\n\n<h3 class=\"has-text-align-center wp-block-heading\"><strong>Dottor P.<\/strong><\/h3>\n\n\n\n<h4 class=\"has-text-align-center wp-block-heading\">il tuo\nmedico di fiducia per problemi di cuore<\/h4>\n\n\n\n<p class=\"has-text-align-center\">Chiedi a Dottor P. e inviaci le tue domande (divertenti e non) a:<br> <strong>dr.p@troppotogo.com<\/strong><\/p>\n\n\n\n<hr class=\"wp-block-separator\"\/>\n\n\n\n<h2 class=\"has-text-align-center wp-block-heading\">Le\nvostre domande &amp; le risposte di Dottor P.:<\/h2>\n\n\n\n<p class=\"has-text-align-center\"><strong>Il nostro esperto risponde a ogni domanda in forma\nanonima e con l\u2019umorismo che lo contraddistingue:<\/strong><\/p>\n\n\n\n<p class=\"has-text-align-center has-very-dark-gray-color has-text-color has-background has-medium-font-size\" style=\"background-color:#f5d2e3\"><strong>Sono innamorata del mio migliore amico.<br>\nCome faccio a sapere se anche lui mi ama?<\/strong><\/p>\n\n\n\n<p class=\"has-text-align-center\">Ciao cara. Ah, si tratta di una situazione decisamente delicata, per cui procedi con cautela. Non vuoi certo perdere il tuo migliore amico, vero?<br> <strong>Il mio consiglio per te:&nbsp;<\/strong>Cerca prima un nuovo migliore amico e poi dichiara i tuoi sentimenti al \u201cvecchio\u201d migliore amico. Pu\u00f2 andare bene, pu\u00f2 andare male, ma almeno hai un amico di riserva. Quelli servono sempre.<br> <strong>Il tuo Dottor P.&nbsp;<\/strong>\ud83d\udc96<\/p>\n\n\n\n<hr class=\"wp-block-separator\"\/>\n\n\n\n<p class=\"has-text-align-center has-very-dark-gray-color has-text-color has-background has-medium-font-size\" style=\"background-color:#f5d2e3\"><strong>Perch\u00e9 i preservativi sono bianchi?<\/strong><\/p>\n\n\n\n<p class=\"has-text-align-center\">Ciao persona curiosa! Perch\u00e9 la neve \u00e8 bianca? Perch\u00e9 le tue mutande non sono pi\u00f9 bianche? Diciamocelo, il colore non ha importanza. Quello che conta \u00e8 la sostanza!<br> <strong>Il tuo Dottor P.&nbsp;<\/strong>\ud83e\udd0d<\/p>\n\n\n\n<hr class=\"wp-block-separator\"\/>\n\n\n\n<p class=\"has-text-align-center has-very-dark-gray-color has-text-color has-background has-medium-font-size\" style=\"background-color:#f5d2e3\"><strong>Il preservativo che volevo usare \u00e8 bucato \u2013 aiuta se ne\nmetto due?<\/strong><\/p>\n\n\n\n<p class=\"has-text-align-center\">Ciao ciao! Pensi che due sia meglio di uno, vero? Beh, se riesci prima di tutto a metterne due&#8230; ti consiglierei, gi\u00e0 che ci sei, di metterti l\u2019intera scatola, cos\u00ec non sei solo doppiamente, ma addirittura 10 volte pi\u00f9 protetto.<br> <strong>La sicurezza non \u00e8 mai troppa \u2013 il tuo Dottor P.&nbsp;<\/strong>\ud83d\udc4c<\/p>\n\n\n\n<hr class=\"wp-block-separator\"\/>\n\n\n\n<p class=\"has-text-align-center has-very-dark-gray-color has-text-color has-background has-medium-font-size\" style=\"background-color:#f5d2e3\"><strong>Posso usare un tampone come metodo contraccettivo?<\/strong><\/p>\n\n\n\n<p class=\"has-text-align-center\">Ciao birichina! Ti posso gi\u00e0 dire che qualcosa potrebbe andare storto&#8230; A mio modesto parere. Forse \u00e8 meglio se ne usi due?<br> <strong>Buona fortuna dal tuo Dottor P.&nbsp;<\/strong>\ud83d\ude4f<\/p>\n\n\n\n<hr class=\"wp-block-separator\"\/>\n\n\n\n<p class=\"has-text-align-center has-very-dark-gray-color has-text-color has-background has-medium-font-size\" style=\"background-color:#f5d2e3\"><strong>Dove ha studiato?<\/strong><\/p>\n\n\n\n<p class=\"has-text-align-center\">Grazie di avermelo chiesto! Sono sempre lieto di dimostrare la mia professionalit\u00e0. Ho conseguito una laurea triennale in Scienze delle Relazioni e in seguito una laurea specialistica in Disastri Amorosi presso l&#8217;<strong>Universit\u00e0 della PENEsylvania<\/strong>. Infine, per consigliarti al meglio e offrirti tutto il mio sapere, ho anche terminato un dottorato in Pisellologia. Come puoi vedere, sei in buone mani!<br><strong>Il tuo Dottor P.<\/strong> \u270c\ufe0f<\/p>\n\n\n\n<hr class=\"wp-block-separator\"\/>\n\n\n\n<p class=\"has-text-align-center has-very-dark-gray-color has-text-color has-background has-medium-font-size\" style=\"background-color:#f5d2e3\"><strong>Dopo 6 anni di relazione \u00e8 normale che ancora non abbiamo parlato di progetti futuri?<\/strong><\/p>\n\n\n\n<p class=\"has-text-align-center\">Ciao \ud83d\udc97 Da mediocre esperto in relazioni quale sono, ti posso dire che ogni relazione ha il suo ritmo e a volte nemmeno i membri stessi della coppia sanno quale sia. Se si tira troppo per le lunghe, magari prendere l&#8217;iniziativa e iniziare a parlarne? Potrebbe avere risultati inaspettatamente&#8230; positivi.<br><strong>In bocca al lupo dal tuo Dottor P.<\/strong> \ud83d\udc9e<\/p>\n\n\n\n<hr class=\"wp-block-separator\"\/>\n\n\n\n<p class=\"has-text-align-center has-very-dark-gray-color has-text-color has-background has-medium-font-size\" style=\"background-color:#f5d2e3\"><strong>Come posso dichiararmi al\/la mio\/a crush?<\/strong><\/p>\n\n\n\n<p class=\"has-text-align-center\">Ciao persona innamorata! Come dice la parola stessa, \u00e8 qualcosa con cui prima o poi devi <strong>scontrarti<\/strong>. Che ne dici di andare agli autoscontri (a pandemia terminata) e dichiarare i tuoi sentimenti tra uno scontro e l&#8217;altro? Se dovesse andare male, puoi sempre usare tutta la tua frustrazione per mandare al Creatore tutti gli autoscontristi che ti circondano (il crush compreso\/a).<br> <strong>Buona fortuna dal tuo Dottor P.<\/strong>\ud83d\udcaa<\/p>\n\n\n\n<hr class=\"wp-block-separator\"\/>\n\n\n\n<p class=\"has-text-align-center has-very-dark-gray-color has-text-color has-background has-medium-font-size\" style=\"background-color:#f5d2e3\"><strong>Vorrei usare i sex toys anche con il mio ragazzo, ma non so come fare.<\/strong><\/p>\n\n\n\n<p class=\"has-text-align-center\">Ciao amante della tecnologia! Usare un piccolo aiutino \u00e8 sempre un&#8217;ottima idea, specialmente quando le normali funzioni riscontrano qualche problemino (ne so qualcosa ovviamente). Mi sento quindi di dirti: lasciati guidare dai genitali! Alla prossima sessione di passione presentati gi\u00e0 con un <strong>giochino birichino<\/strong> (meglio se pensato per entrambi) e vedrai che dopo aver sperimentato anche l&#8217;altra persona non potr\u00e0 pi\u00f9 farne a meno!<br><strong>Buon divertimento dal tuo Dottor P.<\/strong> \ud83c\udf46<\/p>\n\n\n\n<hr class=\"wp-block-separator\"\/>\n\n\n\n<p class=\"has-text-align-center has-very-dark-gray-color has-text-color has-background has-medium-font-size\" style=\"background-color:#f5d2e3\"><strong>La vedr\u00f2 mai in televisione?<\/strong><\/p>\n\n\n\n<p class=\"has-text-align-center\">Caro\/a fan, le mie gonadi sono davvero lusingate dal tuo apprezzamento. Non ti nascondo che ho sempre voluto apparire sul grande schermo, ma finora sono stato afflitto da una terribile <strong>ansia da prestazione<\/strong>. Spero di riuscire a superare questa paura per poter penetrare in futuro anche quel traguardo. Fai il tifo per me!<br><strong>Il tuo Dottor P.<\/strong> \u270c\ufe0f<br><\/p>\n\n\n\n<hr class=\"wp-block-separator\"\/>\n\n\n\n<p class=\"has-text-align-center has-very-dark-gray-color has-text-color has-background has-medium-font-size\" style=\"background-color:#f5d2e3\"> <strong>Dove si possono nascondere i sex toys in casa?<\/strong><br><strong>C&#8217;\u00e8 una soluzione per chi cerca la discrezione?<\/strong><\/p>\n\n\n\n<p class=\"has-text-align-center\">Ciao amante dei giochi! \ud83d\udc4b In seguito a lunghi anni di esperienza e numerosi studi approfonditi, ho contastato che i seguenti nascondigli sono particolarmente efficaci e insospettabili: il contenitore della biancheria sporca (se ti occupi tu delle lavatrici, ovviamente!), o la borsa della palestra che tanto non useresti mai (per sicurezza, magari iscriviti prima di scegliere questo nascondiglio&#8230;), oppure una scatola di scarpe di una marca sconosciuta (nessuno le vorr\u00e0 mai vedere&#8230;) o ancora in una cassaforte a parete (di cui ovviamente solo tu sai la combinazione).<br><strong>Il tuo Dottor P.<\/strong> \ud83e\udd52<\/p>\n\n\n\n<hr class=\"wp-block-separator\"\/>\n\n\n\n<p class=\"has-text-align-center has-very-dark-gray-color has-text-color has-background has-medium-font-size\" style=\"background-color:#f5d2e3\"><strong>Come si supera la paura di dire ci\u00f2 che si prova?<\/strong><\/p>\n\n\n\n<p class=\"has-text-align-center\">Ciao persona impaurita \ud83d\udc96 Ah, la paura \u00e8 senza dubbio un sentimento che attanaglia tutti noi. Posso per\u00f2 assicurarti che nel 99% dei casi (ho inventato questa statistica sul momento&#8230;) qualcosa si smuove quando finalmente tiri fuori quel boccone rimasto in gola per mesi (se non anni). Per prepararti al peggio, munisciti di un set completo di cibo consolatorio per superare la delusione. Non c&#8217;\u00e8 nulla che una dose industriale di cioccolato non possa curare (e qui la statistica, sempre inventata, \u00e8 addirittura del 100%!).<br><strong>Il tuo Dottor P.<\/strong> \ud83d\udc4b<\/p>\n\n\n\n<hr class=\"wp-block-separator\"\/>\n\n\n\n<p class=\"has-text-align-center has-very-dark-gray-color has-text-color has-background has-medium-font-size\" style=\"background-color:#f5d2e3\"><strong>La mia ragazza \u00e8 incinta di 9 mesi, ma noi stiamo insieme solo da 6 mesi. Dice che il mio sperma \u00e8 fin troppo potente?<\/strong><\/p>\n\n\n\n<p class=\"has-text-align-center\">Ciao stallone! \ud83d\udc0e Ti consiglio dal profondo dei testicoli di fare una piccola ricerca su Google con le parole &#8220;<strong>relazioni pregresse<\/strong>&#8220;. Vedrai che ti si apr\u00e0 tutto un nuovo mondo di cui ancora non eri a conoscenza. Gi\u00e0 che ci sei, magari fai anche un corso accelerato di anatomia umana e biologia prima che il pargolo nasca. La conoscenza non \u00e8 mai abbastanza&#8230;<br><strong>Il tuo Dottor P.<\/strong> \ud83d\udcaa<\/p>\n\n\n\n<hr class=\"wp-block-separator\"\/>\n\n\n\n<p class=\"has-text-align-center has-very-dark-gray-color has-text-color has-background has-medium-font-size\" style=\"background-color:#f5d2e3\"><strong>Qualche consiglio per un&#8217;efficace rasatura dei suoi simili?<\/strong><\/p>\n\n\n\n<p class=\"has-text-align-center\">Ciao orso bruno! \ud83d\udc3b La tua domanda mi coglie alquanto preparato, dato che ho particolarmente a cuore la cura della mia pelle rugosa. Nonostante tu mi veda alquanto glabro, soffro da anni di una crescita pilifera abnormale (soprattutto sui miei amati testicoli), cosa che mi vede costretto a fare uso di un modello avanzato di tosaerba, progettato appositamente per rimuovere la mia peluria in eccesso (dopotutto, sono pur sempre alto 1 metro!). Te lo consiglio, fa miracoli!<br><strong>Il tuo Dottor P. <\/strong>\ud83c\udf35<\/p>\n\n\n\n<hr class=\"wp-block-separator\"\/>\n\n\n\n<p class=\"has-text-align-center has-very-dark-gray-color has-text-color has-background has-medium-font-size\" style=\"background-color:#f5d2e3\"> <strong>Meglio lungo che stura o tozzo che ottura?<\/strong><\/p>\n\n\n\n<p class=\"has-text-align-center\">Ciao caro amico poeta! Ammetto di non essere un esperto in campo idraulico, ma come puoi vedere dalle mie egregie dimensioni la lunghezza nel mio caso gioca un ruolo decisamente importante e non nego di andarne alquanto fiero. Tuttavia, se proprio vogliamo vedere il pelo nell&#8217;ovaio, anche i miei colleghi pi\u00f9 minuti possono offrire grandi emozioni. Come regola generale ti direi: l&#8217;importante \u00e8 che il partner sia soddisfatto\/a!<br><strong>Buon divertimento dal tuo Dottor P.<\/strong> \ud83c\udf4c<\/p>\n\n\n\n<p class=\"has-text-align-center has-very-dark-gray-color has-text-color has-background has-medium-font-size\" style=\"background-color:#f5d2e3\"><strong>Vorrei avere delucidazioni riguardo la cosiddetta &#8220;pioggia dorata&#8221;.<\/strong><\/p>\n\n\n\n<p class=\"has-text-align-center\">Cara curiosa, sono lieto di poterti aiutare in questo quesito delicato. Ho fatto le dovute ricerche al riguardo ed ecco quanto ho scoperto: la pratica in questione consiste principalmente nell&#8217;<strong>urinazione<\/strong> sul partner (consenziente, si spera!) per la ricerca del piacere reciproco. Se, dunque, l&#8217;odore pungente di urina ti fa un baffo, puoi fare un tentativo (e consiglio magari una doccia dopo aver finito).<br><strong>Un caldo saluto dal tuo Dottor P. <\/strong>\ud83d\udc9b<\/p>\n<\/div>","protected":false},"excerpt":{"rendered":"<p>Hai un paio di domande imbarazzanti sull\u2019amore o hai bisogno di un consiglio per un problema? Allora sei nel posto giusto! San Valentino si avvicina e noi di Troppotogo abbiamo trovato un vero e proprio esperto in materia di amore e relazioni per rispondere a tutte le vostre domande (in modo completamente anonimo, ovviamente!) \ud83e\udd70&hellip;<\/p>\n","protected":false},"author":1,"featured_media":13260,"parent":0,"menu_order":0,"comment_status":"closed","ping_status":"closed","template":"","meta":{"footnotes":""},"class_list":["post-13258","page","type-page","status-publish","has-post-thumbnail","hentry"],"yoast_head":"<!-- This site is optimized with the Yoast SEO plugin v27.3 - https:\/\/yoast.com\/product\/yoast-seo-wordpress\/ -->\n<title>Chiedi a Dottor P. - Troppotogo Blog<\/title>\n<meta name=\"description\" content=\"Problemi in amore insormontabili? Domande piccanti su argomenti taboo? Chiedi a Dottor P., il nostro esperto in amore e relazioni.\" \/>\n<meta name=\"robots\" content=\"index, follow, max-snippet:-1, max-image-preview:large, max-video-preview:-1\" \/>\n<link rel=\"canonical\" href=\"https:\/\/www.troppotogo.it\/blog\/chiedi-a-dr-p\/\" \/>\n<meta property=\"og:locale\" content=\"en_US\" \/>\n<meta property=\"og:type\" content=\"article\" \/>\n<meta property=\"og:title\" content=\"Chiedi a Dottor P. - Troppotogo Blog\" \/>\n<meta property=\"og:description\" content=\"Problemi in amore insormontabili? Domande piccanti su argomenti taboo? Chiedi a Dottor P., il nostro esperto in amore e relazioni.\" \/>\n<meta property=\"og:url\" content=\"https:\/\/www.troppotogo.it\/blog\/chiedi-a-dr-p\/\" \/>\n<meta property=\"og:site_name\" content=\"Troppotogo Blog\" \/>\n<meta property=\"article:modified_time\" content=\"2022-01-20T15:51:41+00:00\" \/>\n<meta property=\"og:image\" content=\"https:\/\/www.troppotogo.it\/blog\/wp-content\/uploads\/2021\/01\/Radbag-Bravo-Blog-Header-IT.jpg\" \/>\n\t<meta property=\"og:image:width\" content=\"2240\" \/>\n\t<meta property=\"og:image:height\" content=\"1260\" \/>\n\t<meta property=\"og:image:type\" content=\"image\/jpeg\" \/>\n<meta name=\"twitter:label1\" content=\"Est. reading time\" \/>\n\t<meta name=\"twitter:data1\" content=\"6 minutes\" \/>\n<script type=\"application\/ld+json\" class=\"yoast-schema-graph\">{\"@context\":\"https:\\\/\\\/schema.org\",\"@graph\":[{\"@type\":\"WebPage\",\"@id\":\"https:\\\/\\\/www.troppotogo.it\\\/blog\\\/chiedi-a-dr-p\\\/\",\"url\":\"https:\\\/\\\/www.troppotogo.it\\\/blog\\\/chiedi-a-dr-p\\\/\",\"name\":\"Chiedi a Dottor P. - Troppotogo Blog\",\"isPartOf\":{\"@id\":\"https:\\\/\\\/www.troppotogo.it\\\/blog\\\/#website\"},\"primaryImageOfPage\":{\"@id\":\"https:\\\/\\\/www.troppotogo.it\\\/blog\\\/chiedi-a-dr-p\\\/#primaryimage\"},\"image\":{\"@id\":\"https:\\\/\\\/www.troppotogo.it\\\/blog\\\/chiedi-a-dr-p\\\/#primaryimage\"},\"thumbnailUrl\":\"https:\\\/\\\/www.troppotogo.it\\\/blog\\\/wp-content\\\/uploads\\\/2021\\\/01\\\/Radbag-Bravo-Blog-Header-IT.jpg\",\"datePublished\":\"2021-01-18T15:28:06+00:00\",\"dateModified\":\"2022-01-20T15:51:41+00:00\",\"description\":\"Problemi in amore insormontabili? Domande piccanti su argomenti taboo? Chiedi a Dottor P., il nostro esperto in amore e relazioni.\",\"breadcrumb\":{\"@id\":\"https:\\\/\\\/www.troppotogo.it\\\/blog\\\/chiedi-a-dr-p\\\/#breadcrumb\"},\"inLanguage\":\"en-US\",\"potentialAction\":[{\"@type\":\"ReadAction\",\"target\":[\"https:\\\/\\\/www.troppotogo.it\\\/blog\\\/chiedi-a-dr-p\\\/\"]}]},{\"@type\":\"ImageObject\",\"inLanguage\":\"en-US\",\"@id\":\"https:\\\/\\\/www.troppotogo.it\\\/blog\\\/chiedi-a-dr-p\\\/#primaryimage\",\"url\":\"https:\\\/\\\/www.troppotogo.it\\\/blog\\\/wp-content\\\/uploads\\\/2021\\\/01\\\/Radbag-Bravo-Blog-Header-IT.jpg\",\"contentUrl\":\"https:\\\/\\\/www.troppotogo.it\\\/blog\\\/wp-content\\\/uploads\\\/2021\\\/01\\\/Radbag-Bravo-Blog-Header-IT.jpg\",\"width\":2240,\"height\":1260},{\"@type\":\"BreadcrumbList\",\"@id\":\"https:\\\/\\\/www.troppotogo.it\\\/blog\\\/chiedi-a-dr-p\\\/#breadcrumb\",\"itemListElement\":[{\"@type\":\"ListItem\",\"position\":1,\"name\":\"Home\",\"item\":\"https:\\\/\\\/www.troppotogo.it\\\/blog\\\/\"},{\"@type\":\"ListItem\",\"position\":2,\"name\":\"Chiedi a Dottor P.\"}]},{\"@type\":\"WebSite\",\"@id\":\"https:\\\/\\\/www.troppotogo.it\\\/blog\\\/#website\",\"url\":\"https:\\\/\\\/www.troppotogo.it\\\/blog\\\/\",\"name\":\"Troppotogo Blog\",\"description\":\"\",\"potentialAction\":[{\"@type\":\"SearchAction\",\"target\":{\"@type\":\"EntryPoint\",\"urlTemplate\":\"https:\\\/\\\/www.troppotogo.it\\\/blog\\\/?s={search_term_string}\"},\"query-input\":{\"@type\":\"PropertyValueSpecification\",\"valueRequired\":true,\"valueName\":\"search_term_string\"}}],\"inLanguage\":\"en-US\"}]}<\/script>\n<!-- \/ Yoast SEO plugin. -->","yoast_head_json":{"title":"Chiedi a Dottor P. - Troppotogo Blog","description":"Problemi in amore insormontabili? Domande piccanti su argomenti taboo? Chiedi a Dottor P., il nostro esperto in amore e relazioni.","robots":{"index":"index","follow":"follow","max-snippet":"max-snippet:-1","max-image-preview":"max-image-preview:large","max-video-preview":"max-video-preview:-1"},"canonical":"https:\/\/www.troppotogo.it\/blog\/chiedi-a-dr-p\/","og_locale":"en_US","og_type":"article","og_title":"Chiedi a Dottor P. - Troppotogo Blog","og_description":"Problemi in amore insormontabili? Domande piccanti su argomenti taboo? Chiedi a Dottor P., il nostro esperto in amore e relazioni.","og_url":"https:\/\/www.troppotogo.it\/blog\/chiedi-a-dr-p\/","og_site_name":"Troppotogo Blog","article_modified_time":"2022-01-20T15:51:41+00:00","og_image":[{"width":2240,"height":1260,"url":"https:\/\/www.troppotogo.it\/blog\/wp-content\/uploads\/2021\/01\/Radbag-Bravo-Blog-Header-IT.jpg","type":"image\/jpeg"}],"twitter_misc":{"Est. reading time":"6 minutes"},"schema":{"@context":"https:\/\/schema.org","@graph":[{"@type":"WebPage","@id":"https:\/\/www.troppotogo.it\/blog\/chiedi-a-dr-p\/","url":"https:\/\/www.troppotogo.it\/blog\/chiedi-a-dr-p\/","name":"Chiedi a Dottor P. - Troppotogo Blog","isPartOf":{"@id":"https:\/\/www.troppotogo.it\/blog\/#website"},"primaryImageOfPage":{"@id":"https:\/\/www.troppotogo.it\/blog\/chiedi-a-dr-p\/#primaryimage"},"image":{"@id":"https:\/\/www.troppotogo.it\/blog\/chiedi-a-dr-p\/#primaryimage"},"thumbnailUrl":"https:\/\/www.troppotogo.it\/blog\/wp-content\/uploads\/2021\/01\/Radbag-Bravo-Blog-Header-IT.jpg","datePublished":"2021-01-18T15:28:06+00:00","dateModified":"2022-01-20T15:51:41+00:00","description":"Problemi in amore insormontabili? Domande piccanti su argomenti taboo? Chiedi a Dottor P., il nostro esperto in amore e relazioni.","breadcrumb":{"@id":"https:\/\/www.troppotogo.it\/blog\/chiedi-a-dr-p\/#breadcrumb"},"inLanguage":"en-US","potentialAction":[{"@type":"ReadAction","target":["https:\/\/www.troppotogo.it\/blog\/chiedi-a-dr-p\/"]}]},{"@type":"ImageObject","inLanguage":"en-US","@id":"https:\/\/www.troppotogo.it\/blog\/chiedi-a-dr-p\/#primaryimage","url":"https:\/\/www.troppotogo.it\/blog\/wp-content\/uploads\/2021\/01\/Radbag-Bravo-Blog-Header-IT.jpg","contentUrl":"https:\/\/www.troppotogo.it\/blog\/wp-content\/uploads\/2021\/01\/Radbag-Bravo-Blog-Header-IT.jpg","width":2240,"height":1260},{"@type":"BreadcrumbList","@id":"https:\/\/www.troppotogo.it\/blog\/chiedi-a-dr-p\/#breadcrumb","itemListElement":[{"@type":"ListItem","position":1,"name":"Home","item":"https:\/\/www.troppotogo.it\/blog\/"},{"@type":"ListItem","position":2,"name":"Chiedi a Dottor P."}]},{"@type":"WebSite","@id":"https:\/\/www.troppotogo.it\/blog\/#website","url":"https:\/\/www.troppotogo.it\/blog\/","name":"Troppotogo Blog","description":"","potentialAction":[{"@type":"SearchAction","target":{"@type":"EntryPoint","urlTemplate":"https:\/\/www.troppotogo.it\/blog\/?s={search_term_string}"},"query-input":{"@type":"PropertyValueSpecification","valueRequired":true,"valueName":"search_term_string"}}],"inLanguage":"en-US"}]}},"_links":{"self":[{"href":"https:\/\/www.troppotogo.it\/blog\/wp-json\/wp\/v2\/pages\/13258","targetHints":{"allow":["GET"]}}],"collection":[{"href":"https:\/\/www.troppotogo.it\/blog\/wp-json\/wp\/v2\/pages"}],"about":[{"href":"https:\/\/www.troppotogo.it\/blog\/wp-json\/wp\/v2\/types\/page"}],"author":[{"embeddable":true,"href":"https:\/\/www.troppotogo.it\/blog\/wp-json\/wp\/v2\/users\/1"}],"replies":[{"embeddable":true,"href":"https:\/\/www.troppotogo.it\/blog\/wp-json\/wp\/v2\/comments?post=13258"}],"version-history":[{"count":15,"href":"https:\/\/www.troppotogo.it\/blog\/wp-json\/wp\/v2\/pages\/13258\/revisions"}],"predecessor-version":[{"id":15479,"href":"https:\/\/www.troppotogo.it\/blog\/wp-json\/wp\/v2\/pages\/13258\/revisions\/15479"}],"wp:featuredmedia":[{"embeddable":true,"href":"https:\/\/www.troppotogo.it\/blog\/wp-json\/wp\/v2\/media\/13260"}],"wp:attachment":[{"href":"https:\/\/www.troppotogo.it\/blog\/wp-json\/wp\/v2\/media?parent=13258"}],"curies":[{"name":"wp","href":"https:\/\/api.w.org\/{rel}","templated":true}]}}