{"id":6263,"date":"2017-05-30T08:13:02","date_gmt":"2017-05-30T07:13:02","guid":{"rendered":"http:\/\/www.troppotogo.it\/blog\/?page_id=6263"},"modified":"2020-07-28T11:54:59","modified_gmt":"2020-07-28T10:54:59","slug":"instagram","status":"publish","type":"page","link":"https:\/\/www.troppotogo.it\/blog\/instagram\/","title":{"rendered":"Instagram"},"content":{"rendered":"<div class=\"bpp_post_wrapper\" data-bpp-pinlink=\"https:\/\/www.troppotogo.it\/blog\/instagram\/\" data-bpp-pincorner=\"northeast\" data-bpp-pinhover=\"false\" data-bpp-lang=\"en\" data-bpp-count=\"above\" data-bpp-zero-count=\"true\" data-bpp-size=\"20\" data-bpp-color=\"red\">\n<div class=\"wp-block-image\"><figure class=\"aligncenter\"><a href=\"https:\/\/www.instagram.com\/troppotogo\/\" target=\"_blank\" rel=\"noreferrer noopener\"><img loading=\"lazy\" decoding=\"async\" width=\"1000\" height=\"500\" src=\"http:\/\/www.troppotogo.it\/blog\/wp-content\/uploads\/2020\/07\/IT-1.png\" alt=\"\" class=\"wp-image-12611\" srcset=\"https:\/\/www.troppotogo.it\/blog\/wp-content\/uploads\/2020\/07\/IT-1.png 1000w, https:\/\/www.troppotogo.it\/blog\/wp-content\/uploads\/2020\/07\/IT-1-300x150.png 300w, https:\/\/www.troppotogo.it\/blog\/wp-content\/uploads\/2020\/07\/IT-1-768x384.png 768w, https:\/\/www.troppotogo.it\/blog\/wp-content\/uploads\/2020\/07\/IT-1-720x360.png 720w, https:\/\/www.troppotogo.it\/blog\/wp-content\/uploads\/2020\/07\/IT-1-160x80.png 160w\" sizes=\"auto, (max-width: 1000px) 100vw, 1000px\" \/><\/a><\/figure><\/div>\n\n\n<h2 style=\"text-align: center;\">Vieni a trovarci su Instagram:<\/h2>\n<h2 style=\"text-align: center;\">@troppotogo<\/h2>\n<hr \/>\n<h2 style=\"text-align: center;\">Termini e condizioni del concorso<br \/>&#8220;Un&#8217;estate Troppotogo&#8221;<\/h2>\n<ol>\n<li>Il concorso non \u00e8 affiliato a Instagram e non \u00e8 in alcun modo sponsorizzato, supportato n\u00e9 organizzato da Instagram. Il destinatario delle informazioni fornite dal partecipante non \u00e8 Instagram, ma <strong>MH DIREKT e-commerce + fulfillment GmbH &amp; Co., Reitschulstra\u00dfe 7, 6923 Lauterach (Austria)<\/strong>, per conto dell&#8217;account Instagram di Troppotogo (TROPPOTOGO) (da qui in poi detto &#8220;l&#8217;Organizzatore&#8221;). Le informazioni fornite saranno utilizzate esclusivamente per il concorso in oggetto;<\/li>\n<li>La partecipazione al concorso \u00e8 possibile solo alle condizioni specificate su questa pagina. Partecipando al concorso, ciascun partecipante accetta i termini e le condizioni in modo esplicito. L&#8217;Organizzatore si riserva il diritto di cancellare o interrompere il concorso in qualsiasi momento senza preavviso e senza dare ragioni per l&#8217;interruzione;<\/li>\n<li>Il concorso \u00e8 valido nei mesi di luglio, agosto e settembre 2020 e inizia ogni mese il 1\u00b0 del mese alle ore 9:00 e termina l&#8217;ultimo giorno del mese alle ore 23:59. Concorso valido su tutto il territorio nazionale italiano. Solo i post pubblicati nel periodo di validit\u00e0 del concorso saranno considerati per l&#8217;estrazione dei premi. Per partecipare, \u00e8 necessario pubblicare sul social network uno scatto fotografico artistico con un prodotto acquistato in precedenza presso lo shop online di Troppotogo;<\/li>\n<li>Il premio mensile in palio \u00e8 1\/un voucher del valore di 80\/ottanta euro, non in contanti, ma in formato elettronico, da spendere sul sito online di Troppotogo;<\/li>\n<li>L&#8217;iscrizione al concorso \u00e8 tramite hashtag (#unestatetroppotogo) e tag (@troppotogo) da includere nel post sull\u2019account Instagram personale del partecipante;<\/li>\n<li>Le immagini che violano le linee guida di Instagram, il diritto italiano, la nostra &#8220;netiquette&#8221; e\/o i diritti d&#8217;autore saranno rimosse senza preavviso e il partecipante sar\u00e0 escluso dal concorso;<\/li>\n<li>La partecipazione al concorso a premi \u00e8 gratuita;<\/li>\n<li>L&#8217;estrazione di un vincitore avviene alla fine di ogni mese di validit\u00e0 del concorso. La selezione \u00e8 a cura e discrezione dell\u2019Organizzatore, il quale valuter\u00e0 la qualit\u00e0 e l\u2019originalit\u00e0 del contenuto pubblicato;<\/li>\n<li>I vincitori saranno avvisati con comunicazione ufficiale, in cui verr\u00e0 pubblicata la foto del vincitore sul profilo Instagram dell\u2019Organizzatore. Il vincitore sar\u00e0, quindi, contattato entro 5 giorni lavorativi (dall&#8217;annuncio su Instagram) e ricever\u00e0 il voucher elettronico dall&#8217;Organizzatore. Se il vincitore non dovesse confermare l&#8217;accettazione del premio, la sua pretesa scadr\u00e0 senza possibilit\u00e0 di sostituzione. Verr\u00e0, quindi, determinato un secondo vincitore secondo la medesima procedura originale. Non sussiste l&#8217;obbligo di accettare il premio;<\/li>\n<li>Se i dati personali dei partecipanti sono richiesti come parte del concorso, saranno raccolti dall\u2019Organizzatore solo al fine di gestire la competizione e dopo essere stati elaborati e utilizzati, saranno cancellati al termine del concorso. Il partecipante dichiara il suo espresso consenso a queste condizioni. Il partecipante pu\u00f2 recedere in qualsiasi momento per lettera, fax o e-mail. Il partecipante \u00e8, inoltre, responsabile per la correttezza e completezza dei dati inviati;<\/li>\n<li>Le foto di tutti i partecipanti potranno essere riutilizzate in seguito dall\u2019Organizzatore sul suo profilo Instagram e Facebook a scopi pubblicitari e di marketing aziendale;<\/li>\n<li>I dati personali dei partecipanti saranno utilizzati dall&#8217;Organizzatore nel rispetto della normativa sulla protezione dei dati e applicabili. Il consenso pu\u00f2 essere revocato in qualsiasi momento, eliminando il post pubblicato ai fini del concorso. In questo caso, il partecipante dichiara allo stesso tempo di astenersi dal partecipare al concorso.<\/li>\n<\/ol>\n\n\n<hr class=\"wp-block-separator is-style-wide\"\/>\n\n\n\n<p style=\"text-align:center\"><strong>Informazioni di contatto:<\/strong><\/p>\n\n\n\n<p style=\"text-align:center\">MH DIREKT e-commerce + fulfillment GmbH &amp; Co<br>Reitschulst. 7<br>6923 Lauterach<br>Austria<\/p>\n\n\n\n<p style=\"text-align:center\">Contatto telefonico: <br>02 9475605<br>(dal luned\u00ec al venerd\u00ec, dalle 14 alle 18)<\/p>\n\n\n\n<p style=\"text-align:center\">E-mail: servizioclienti@troppotogo.it<\/p>\n<\/div>","protected":false},"excerpt":{"rendered":"<p>Vieni a trovarci su Instagram: @troppotogo Termini e condizioni del concorso&#8220;Un&#8217;estate Troppotogo&#8221; Il concorso non \u00e8 affiliato a Instagram e non \u00e8 in alcun modo sponsorizzato, supportato n\u00e9 organizzato da Instagram. Il destinatario delle informazioni fornite dal partecipante non \u00e8 Instagram, ma MH DIREKT e-commerce + fulfillment GmbH &amp; Co., Reitschulstra\u00dfe 7, 6923 Lauterach (Austria),&hellip;<\/p>\n","protected":false},"author":1,"featured_media":0,"parent":0,"menu_order":0,"comment_status":"closed","ping_status":"closed","template":"","meta":{"footnotes":""},"class_list":["post-6263","page","type-page","status-publish","hentry"],"yoast_head":"<!-- This site is optimized with the Yoast SEO plugin v27.5 - https:\/\/yoast.com\/product\/yoast-seo-wordpress\/ -->\n<title>Instagram - Troppotogo Blog<\/title>\n<meta name=\"robots\" content=\"index, follow, max-snippet:-1, max-image-preview:large, max-video-preview:-1\" \/>\n<link rel=\"canonical\" href=\"https:\/\/www.troppotogo.it\/blog\/instagram\/\" \/>\n<meta property=\"og:locale\" content=\"en_US\" \/>\n<meta property=\"og:type\" content=\"article\" \/>\n<meta property=\"og:title\" content=\"Instagram - Troppotogo Blog\" \/>\n<meta property=\"og:description\" content=\"Vieni a trovarci su Instagram: @troppotogo Termini e condizioni del concorso&#8220;Un&#8217;estate Troppotogo&#8221; Il concorso non \u00e8 affiliato a Instagram e non \u00e8 in alcun modo sponsorizzato, supportato n\u00e9 organizzato da Instagram. Il destinatario delle informazioni fornite dal partecipante non \u00e8 Instagram, ma MH DIREKT e-commerce + fulfillment GmbH &amp; Co., Reitschulstra\u00dfe 7, 6923 Lauterach (Austria),&hellip;\" \/>\n<meta property=\"og:url\" content=\"https:\/\/www.troppotogo.it\/blog\/instagram\/\" \/>\n<meta property=\"og:site_name\" content=\"Troppotogo Blog\" \/>\n<meta property=\"article:modified_time\" content=\"2020-07-28T10:54:59+00:00\" \/>\n<meta property=\"og:image\" content=\"http:\/\/www.troppotogo.it\/blog\/wp-content\/uploads\/2020\/07\/IT-1.png\" \/>\n<meta name=\"twitter:label1\" content=\"Est. reading time\" \/>\n\t<meta name=\"twitter:data1\" content=\"3 minutes\" \/>\n<script type=\"application\/ld+json\" class=\"yoast-schema-graph\">{\"@context\":\"https:\\\/\\\/schema.org\",\"@graph\":[{\"@type\":\"WebPage\",\"@id\":\"https:\\\/\\\/www.troppotogo.it\\\/blog\\\/instagram\\\/\",\"url\":\"https:\\\/\\\/www.troppotogo.it\\\/blog\\\/instagram\\\/\",\"name\":\"Instagram - Troppotogo Blog\",\"isPartOf\":{\"@id\":\"https:\\\/\\\/www.troppotogo.it\\\/blog\\\/#website\"},\"primaryImageOfPage\":{\"@id\":\"https:\\\/\\\/www.troppotogo.it\\\/blog\\\/instagram\\\/#primaryimage\"},\"image\":{\"@id\":\"https:\\\/\\\/www.troppotogo.it\\\/blog\\\/instagram\\\/#primaryimage\"},\"thumbnailUrl\":\"http:\\\/\\\/www.troppotogo.it\\\/blog\\\/wp-content\\\/uploads\\\/2020\\\/07\\\/IT-1.png\",\"datePublished\":\"2017-05-30T07:13:02+00:00\",\"dateModified\":\"2020-07-28T10:54:59+00:00\",\"breadcrumb\":{\"@id\":\"https:\\\/\\\/www.troppotogo.it\\\/blog\\\/instagram\\\/#breadcrumb\"},\"inLanguage\":\"en-US\",\"potentialAction\":[{\"@type\":\"ReadAction\",\"target\":[\"https:\\\/\\\/www.troppotogo.it\\\/blog\\\/instagram\\\/\"]}]},{\"@type\":\"ImageObject\",\"inLanguage\":\"en-US\",\"@id\":\"https:\\\/\\\/www.troppotogo.it\\\/blog\\\/instagram\\\/#primaryimage\",\"url\":\"http:\\\/\\\/www.troppotogo.it\\\/blog\\\/wp-content\\\/uploads\\\/2020\\\/07\\\/IT-1.png\",\"contentUrl\":\"http:\\\/\\\/www.troppotogo.it\\\/blog\\\/wp-content\\\/uploads\\\/2020\\\/07\\\/IT-1.png\"},{\"@type\":\"BreadcrumbList\",\"@id\":\"https:\\\/\\\/www.troppotogo.it\\\/blog\\\/instagram\\\/#breadcrumb\",\"itemListElement\":[{\"@type\":\"ListItem\",\"position\":1,\"name\":\"Home\",\"item\":\"https:\\\/\\\/www.troppotogo.it\\\/blog\\\/\"},{\"@type\":\"ListItem\",\"position\":2,\"name\":\"Instagram\"}]},{\"@type\":\"WebSite\",\"@id\":\"https:\\\/\\\/www.troppotogo.it\\\/blog\\\/#website\",\"url\":\"https:\\\/\\\/www.troppotogo.it\\\/blog\\\/\",\"name\":\"Troppotogo Blog\",\"description\":\"\",\"potentialAction\":[{\"@type\":\"SearchAction\",\"target\":{\"@type\":\"EntryPoint\",\"urlTemplate\":\"https:\\\/\\\/www.troppotogo.it\\\/blog\\\/?s={search_term_string}\"},\"query-input\":{\"@type\":\"PropertyValueSpecification\",\"valueRequired\":true,\"valueName\":\"search_term_string\"}}],\"inLanguage\":\"en-US\"}]}<\/script>\n<!-- \/ Yoast SEO plugin. -->","yoast_head_json":{"title":"Instagram - Troppotogo Blog","robots":{"index":"index","follow":"follow","max-snippet":"max-snippet:-1","max-image-preview":"max-image-preview:large","max-video-preview":"max-video-preview:-1"},"canonical":"https:\/\/www.troppotogo.it\/blog\/instagram\/","og_locale":"en_US","og_type":"article","og_title":"Instagram - Troppotogo Blog","og_description":"Vieni a trovarci su Instagram: @troppotogo Termini e condizioni del concorso&#8220;Un&#8217;estate Troppotogo&#8221; Il concorso non \u00e8 affiliato a Instagram e non \u00e8 in alcun modo sponsorizzato, supportato n\u00e9 organizzato da Instagram. Il destinatario delle informazioni fornite dal partecipante non \u00e8 Instagram, ma MH DIREKT e-commerce + fulfillment GmbH &amp; Co., Reitschulstra\u00dfe 7, 6923 Lauterach (Austria),&hellip;","og_url":"https:\/\/www.troppotogo.it\/blog\/instagram\/","og_site_name":"Troppotogo Blog","article_modified_time":"2020-07-28T10:54:59+00:00","og_image":[{"url":"http:\/\/www.troppotogo.it\/blog\/wp-content\/uploads\/2020\/07\/IT-1.png","type":"","width":"","height":""}],"twitter_misc":{"Est. reading time":"3 minutes"},"schema":{"@context":"https:\/\/schema.org","@graph":[{"@type":"WebPage","@id":"https:\/\/www.troppotogo.it\/blog\/instagram\/","url":"https:\/\/www.troppotogo.it\/blog\/instagram\/","name":"Instagram - Troppotogo Blog","isPartOf":{"@id":"https:\/\/www.troppotogo.it\/blog\/#website"},"primaryImageOfPage":{"@id":"https:\/\/www.troppotogo.it\/blog\/instagram\/#primaryimage"},"image":{"@id":"https:\/\/www.troppotogo.it\/blog\/instagram\/#primaryimage"},"thumbnailUrl":"http:\/\/www.troppotogo.it\/blog\/wp-content\/uploads\/2020\/07\/IT-1.png","datePublished":"2017-05-30T07:13:02+00:00","dateModified":"2020-07-28T10:54:59+00:00","breadcrumb":{"@id":"https:\/\/www.troppotogo.it\/blog\/instagram\/#breadcrumb"},"inLanguage":"en-US","potentialAction":[{"@type":"ReadAction","target":["https:\/\/www.troppotogo.it\/blog\/instagram\/"]}]},{"@type":"ImageObject","inLanguage":"en-US","@id":"https:\/\/www.troppotogo.it\/blog\/instagram\/#primaryimage","url":"http:\/\/www.troppotogo.it\/blog\/wp-content\/uploads\/2020\/07\/IT-1.png","contentUrl":"http:\/\/www.troppotogo.it\/blog\/wp-content\/uploads\/2020\/07\/IT-1.png"},{"@type":"BreadcrumbList","@id":"https:\/\/www.troppotogo.it\/blog\/instagram\/#breadcrumb","itemListElement":[{"@type":"ListItem","position":1,"name":"Home","item":"https:\/\/www.troppotogo.it\/blog\/"},{"@type":"ListItem","position":2,"name":"Instagram"}]},{"@type":"WebSite","@id":"https:\/\/www.troppotogo.it\/blog\/#website","url":"https:\/\/www.troppotogo.it\/blog\/","name":"Troppotogo Blog","description":"","potentialAction":[{"@type":"SearchAction","target":{"@type":"EntryPoint","urlTemplate":"https:\/\/www.troppotogo.it\/blog\/?s={search_term_string}"},"query-input":{"@type":"PropertyValueSpecification","valueRequired":true,"valueName":"search_term_string"}}],"inLanguage":"en-US"}]}},"_links":{"self":[{"href":"https:\/\/www.troppotogo.it\/blog\/wp-json\/wp\/v2\/pages\/6263","targetHints":{"allow":["GET"]}}],"collection":[{"href":"https:\/\/www.troppotogo.it\/blog\/wp-json\/wp\/v2\/pages"}],"about":[{"href":"https:\/\/www.troppotogo.it\/blog\/wp-json\/wp\/v2\/types\/page"}],"author":[{"embeddable":true,"href":"https:\/\/www.troppotogo.it\/blog\/wp-json\/wp\/v2\/users\/1"}],"replies":[{"embeddable":true,"href":"https:\/\/www.troppotogo.it\/blog\/wp-json\/wp\/v2\/comments?post=6263"}],"version-history":[{"count":15,"href":"https:\/\/www.troppotogo.it\/blog\/wp-json\/wp\/v2\/pages\/6263\/revisions"}],"predecessor-version":[{"id":12614,"href":"https:\/\/www.troppotogo.it\/blog\/wp-json\/wp\/v2\/pages\/6263\/revisions\/12614"}],"wp:attachment":[{"href":"https:\/\/www.troppotogo.it\/blog\/wp-json\/wp\/v2\/media?parent=6263"}],"curies":[{"name":"wp","href":"https:\/\/api.w.org\/{rel}","templated":true}]}}